{"id":713,"date":"2019-11-13T14:04:02","date_gmt":"2019-11-13T13:04:02","guid":{"rendered":"http:\/\/cqcroixdepierre.fr\/?page_id=713"},"modified":"2020-07-05T08:01:20","modified_gmt":"2020-07-05T06:01:20","slug":"la-poste","status":"publish","type":"page","link":"https:\/\/cqcroixdepierre.fr\/index.php\/vie-de-quartier\/la-poste\/","title":{"rendered":"La Poste"},"content":{"rendered":"\n<p>Le bureau de Poste de la Croix de Pierre est install\u00e9 boulevard D\u00e9odat de S\u00e9verac depuis 2012.<\/p>\n\n\n\n<div class=\"wp-block-image\"><figure class=\"aligncenter is-resized\"><img fetchpriority=\"high\" decoding=\"async\" src=\"https:\/\/cqcroixdepierre.fr\/wp-content\/uploads\/2019\/11\/poste-1.jpg\" alt=\"\" class=\"wp-image-714\" width=\"550\" height=\"354\" srcset=\"https:\/\/cqcroixdepierre.fr\/wp-content\/uploads\/2019\/11\/poste-1.jpg 630w, https:\/\/cqcroixdepierre.fr\/wp-content\/uploads\/2019\/11\/poste-1-300x193.jpg 300w\" sizes=\"(max-width: 550px) 100vw, 550px\" \/><\/figure><\/div>\n\n\n\n<p class=\"has-small-font-size\">(Cette adresse \u00e9tait depuis 2007 le local permanent que partageaient le Comit\u00e9 de Quartier et l&rsquo;association socioculturelle)<\/p>\n\n\n\n<p>Fin 2018, le maintien de ce bureau de poste a \u00e9t\u00e9 l&rsquo;occasion d&rsquo;une forte mobilisation de la population locale, qui a montr\u00e9 son attachement \u00e0 cette entreprise pas comme les autres.<\/p>\n\n\n\n<ul><li> <a href=\"https:\/\/www.ladepeche.fr\/article\/2018\/10\/11\/2886188-fermeture-service-public-croix-pierre-gardarem-poste.html\" target=\"_blank\" rel=\"noreferrer noopener\" aria-label=\" (s\u2019ouvre dans un nouvel onglet)\">Article \u00ab\u00a0La D\u00e9p\u00eache\u00a0\u00bb du 11\/10\/2018<\/a> <\/li><li> <a href=\"https:\/\/www.ladepeche.fr\/article\/2019\/01\/15\/2940585-bureau-poste-croix-pierre-toulouse-maintenu.html\">Article \u00ab\u00a0La D\u00e9p\u00eache\u00a0\u00bb du 15\/01\/2019 <\/a><\/li><\/ul>\n\n\n\n<p>Des \u00ab\u00a0Points Postes\u00a0\u00bb, chez de commer\u00e7ants viennent compl\u00e9ter les services postaux (uniquement) du bureau principal:<\/p>\n\n\n\n<ul><li>Carrefour City &#8211; 2 Bd D\u00e9odat de S\u00e9verac<\/li><li>Carrefour City &#8211; 39 route d&rsquo;Espagne<\/li><\/ul>\n\n\n\n<iframe src=\"https:\/\/www.google.com\/maps\/embed?pb=!1m18!1m12!1m3!1d757.5200107788867!2d1.4278712147434356!3d43.58595942799255!2m3!1f0!2f0!3f0!3m2!1i1024!2i768!4f13.1!3m3!1m2!1s0x12aebb9ec9d576c7%3A0xc57c76247dda3c3b!2sLa%20Poste!5e1!3m2!1sfr!2sfr!4v1573650198676!5m2!1sfr!2sfr\" style=\"border:0;\" allowfullscreen=\"\" width=\"100%\" height=\"450\" frameborder=\"0\"><\/iframe>\n","protected":false},"excerpt":{"rendered":"<p>Le bureau de Poste de la Croix de Pierre est install\u00e9 boulevard D\u00e9odat de S\u00e9verac depuis 2012. (Cette adresse \u00e9tait depuis 2007 le local permanent que partageaient le Comit\u00e9 de Quartier et l&rsquo;association socioculturelle) Fin 2018, le maintien de ce bureau de poste a \u00e9t\u00e9 l&rsquo;occasion d&rsquo;une forte mobilisation de la population locale, qui a [&hellip;]<\/p>\n","protected":false},"author":2,"featured_media":0,"parent":702,"menu_order":3,"comment_status":"closed","ping_status":"closed","template":"","meta":{"footnotes":""},"_links":{"self":[{"href":"https:\/\/cqcroixdepierre.fr\/index.php\/wp-json\/wp\/v2\/pages\/713"}],"collection":[{"href":"https:\/\/cqcroixdepierre.fr\/index.php\/wp-json\/wp\/v2\/pages"}],"about":[{"href":"https:\/\/cqcroixdepierre.fr\/index.php\/wp-json\/wp\/v2\/types\/page"}],"author":[{"embeddable":true,"href":"https:\/\/cqcroixdepierre.fr\/index.php\/wp-json\/wp\/v2\/users\/2"}],"replies":[{"embeddable":true,"href":"https:\/\/cqcroixdepierre.fr\/index.php\/wp-json\/wp\/v2\/comments?post=713"}],"version-history":[{"count":5,"href":"https:\/\/cqcroixdepierre.fr\/index.php\/wp-json\/wp\/v2\/pages\/713\/revisions"}],"predecessor-version":[{"id":1027,"href":"https:\/\/cqcroixdepierre.fr\/index.php\/wp-json\/wp\/v2\/pages\/713\/revisions\/1027"}],"up":[{"embeddable":true,"href":"https:\/\/cqcroixdepierre.fr\/index.php\/wp-json\/wp\/v2\/pages\/702"}],"wp:attachment":[{"href":"https:\/\/cqcroixdepierre.fr\/index.php\/wp-json\/wp\/v2\/media?parent=713"}],"curies":[{"name":"wp","href":"https:\/\/api.w.org\/{rel}","templated":true}]}}