{"id":2480,"date":"2025-05-02T10:58:04","date_gmt":"2025-05-02T08:58:04","guid":{"rendered":"https:\/\/cqcroixdepierre.fr\/?page_id=2480"},"modified":"2025-05-02T11:19:03","modified_gmt":"2025-05-02T09:19:03","slug":"synthese-du-paracetamol-donnes-techniques","status":"publish","type":"page","link":"https:\/\/cqcroixdepierre.fr\/index.php\/dossiers\/ipsophenearianegroup\/synthese-du-paracetamol-donnes-techniques\/","title":{"rendered":"Donn\u00e9es techniques"},"content":{"rendered":"\n<p class=\"has-large-font-size\"><strong>Information sur la synth\u00e8se du parac\u00e9tamol:<\/strong><\/p>\n\n\n\n<p><\/p>\n\n\n\n<figure class=\"wp-block-image size-full\"><a href=\"https:\/\/drive.google.com\/file\/d\/1-TgJYjSIb0mrugioS6ItBgrJjXhhYu5e\/view?usp=sharing\" target=\"_blank\" rel=\"noreferrer noopener\"><img fetchpriority=\"high\" decoding=\"async\" width=\"2560\" height=\"1440\" src=\"https:\/\/cqcroixdepierre.fr\/wp-content\/uploads\/2025\/02\/20250212-Partie-IV-ajout-Synthese-v2_Page_2-scaled.jpg\" alt=\"\" class=\"wp-image-2363\" srcset=\"https:\/\/cqcroixdepierre.fr\/wp-content\/uploads\/2025\/02\/20250212-Partie-IV-ajout-Synthese-v2_Page_2-scaled.jpg 2560w, https:\/\/cqcroixdepierre.fr\/wp-content\/uploads\/2025\/02\/20250212-Partie-IV-ajout-Synthese-v2_Page_2-300x169.jpg 300w, https:\/\/cqcroixdepierre.fr\/wp-content\/uploads\/2025\/02\/20250212-Partie-IV-ajout-Synthese-v2_Page_2-1024x576.jpg 1024w, https:\/\/cqcroixdepierre.fr\/wp-content\/uploads\/2025\/02\/20250212-Partie-IV-ajout-Synthese-v2_Page_2-768x432.jpg 768w, https:\/\/cqcroixdepierre.fr\/wp-content\/uploads\/2025\/02\/20250212-Partie-IV-ajout-Synthese-v2_Page_2-1536x864.jpg 1536w, https:\/\/cqcroixdepierre.fr\/wp-content\/uploads\/2025\/02\/20250212-Partie-IV-ajout-Synthese-v2_Page_2-2048x1152.jpg 2048w, https:\/\/cqcroixdepierre.fr\/wp-content\/uploads\/2025\/02\/20250212-Partie-IV-ajout-Synthese-v2_Page_2-1110x624.jpg 1110w, https:\/\/cqcroixdepierre.fr\/wp-content\/uploads\/2025\/02\/20250212-Partie-IV-ajout-Synthese-v2_Page_2-528x297.jpg 528w\" sizes=\"(max-width: 2560px) 100vw, 2560px\" \/><\/a><\/figure>\n\n\n\n<figure class=\"wp-block-image size-large\"><img decoding=\"async\" width=\"1024\" height=\"576\" src=\"https:\/\/cqcroixdepierre.fr\/wp-content\/uploads\/2025\/02\/20250212-Partie-IV-ajout-Synthese-v2_Page_3-1024x576.jpg\" alt=\"\" class=\"wp-image-2366\" srcset=\"https:\/\/cqcroixdepierre.fr\/wp-content\/uploads\/2025\/02\/20250212-Partie-IV-ajout-Synthese-v2_Page_3-1024x576.jpg 1024w, https:\/\/cqcroixdepierre.fr\/wp-content\/uploads\/2025\/02\/20250212-Partie-IV-ajout-Synthese-v2_Page_3-300x169.jpg 300w, https:\/\/cqcroixdepierre.fr\/wp-content\/uploads\/2025\/02\/20250212-Partie-IV-ajout-Synthese-v2_Page_3-768x432.jpg 768w, https:\/\/cqcroixdepierre.fr\/wp-content\/uploads\/2025\/02\/20250212-Partie-IV-ajout-Synthese-v2_Page_3-1536x864.jpg 1536w, https:\/\/cqcroixdepierre.fr\/wp-content\/uploads\/2025\/02\/20250212-Partie-IV-ajout-Synthese-v2_Page_3-2048x1152.jpg 2048w, https:\/\/cqcroixdepierre.fr\/wp-content\/uploads\/2025\/02\/20250212-Partie-IV-ajout-Synthese-v2_Page_3-1110x624.jpg 1110w, https:\/\/cqcroixdepierre.fr\/wp-content\/uploads\/2025\/02\/20250212-Partie-IV-ajout-Synthese-v2_Page_3-528x297.jpg 528w\" sizes=\"(max-width: 1024px) 100vw, 1024px\" \/><\/figure>\n\n\n\n<figure class=\"wp-block-image size-full\"><img decoding=\"async\" width=\"878\" height=\"80\" src=\"https:\/\/cqcroixdepierre.fr\/wp-content\/uploads\/2025\/01\/precautions-paracetamol.png\" alt=\"\" class=\"wp-image-2300\" srcset=\"https:\/\/cqcroixdepierre.fr\/wp-content\/uploads\/2025\/01\/precautions-paracetamol.png 878w, https:\/\/cqcroixdepierre.fr\/wp-content\/uploads\/2025\/01\/precautions-paracetamol-300x27.png 300w, https:\/\/cqcroixdepierre.fr\/wp-content\/uploads\/2025\/01\/precautions-paracetamol-768x70.png 768w\" sizes=\"(max-width: 878px) 100vw, 878px\" \/><\/figure>\n\n\n\n<p class=\"has-large-font-size\"><strong>Perchlorate d\u2019ammonium (ArianeGroup)<\/strong><\/p>\n\n\n\n<p class=\"has-small-font-size\"><div id=\"page\" class=\"site grid-container container hfeed grid-parent\"><div id=\"content\" class=\"site-content\"><div id=\"primary\" class=\"content-area grid-parent mobile-grid-100 push-25 grid-75 tablet-push-25 tablet-grid-75\"><main id=\"main\" class=\"site-main\"><article id=\"post-125076\" class=\"post-125076 post type-post status-publish format-standard hentry category-composants-chimiques tag-composants-chimiques\" itemtype=\"https:\/\/schema.org\/CreativeWork\" itemscope=\"\"><div class=\"inside-article\"><div class=\"entry-content\" itemprop=\"text\"><h2>Applications<\/h2><p>En raison de ses propri\u00e9t\u00e9s oxydantes, le perchlorate d\u2019ammonium trouve des applications dans divers domaines :<\/p><ol><li><strong>Propulseurs :<\/strong> Il est couramment utilis\u00e9 comme  oxydant dans les propulseurs de fus\u00e9es. Sa capacit\u00e9 \u00e0 lib\u00e9rer rapidement  de l\u2019oxyg\u00e8ne en fait un choix id\u00e9al pour cette application.<\/li><li><strong>Pyrotechnie :<\/strong> Le perchlorate d\u2019ammonium est souvent  utilis\u00e9 dans la fabrication de feux d\u2019artifice en raison de sa capacit\u00e9  \u00e0 produire des flammes color\u00e9es lorsqu\u2019il est m\u00e9lang\u00e9 avec certains  m\u00e9taux.<\/li><li><strong>Agriculture :<\/strong> Bien qu\u2019il soit moins courant, il a \u00e9t\u00e9 utilis\u00e9 comme fertilisant en raison de sa teneur en azote.<\/li><\/ol><h2>Pr\u00e9occupations environnementales<\/h2><p>La pr\u00e9sence de perchlorate d\u2019ammonium dans l\u2019environnement est source  de pr\u00e9occupations car il peut contaminer les eaux souterraines et les  r\u00e9serves d\u2019eau potable. L\u2019exposition prolong\u00e9e au perchlorate peut avoir  des effets sur la sant\u00e9 humaine, en particulier sur la glande thyro\u00efde.  De ce fait, sa production et son utilisation sont r\u00e9glement\u00e9es dans de  nombreux pays.<\/p><h2>Impacts sur la sant\u00e9<\/h2><p>Lorsqu\u2019il est ing\u00e9r\u00e9, le perchlorate peut interf\u00e9rer avec la capacit\u00e9  de la glande thyro\u00efde \u00e0 absorber l\u2019iode, un \u00e9l\u00e9ment essentiel \u00e0 la  production des hormones thyro\u00efdiennes. Une carence en hormones  thyro\u00efdiennes peut entra\u00eener des sympt\u00f4mes tels que la fatigue, la prise  de poids, la d\u00e9pression et des probl\u00e8mes cognitifs. Les groupes les  plus vuln\u00e9rables sont les f\u0153tus, les nourrissons, les enfants en bas \u00e2ge  et les femmes enceintes.<\/p><h2>M\u00e9thodes de d\u00e9contamination<\/h2><p>Devant la menace que pose le perchlorate pour l\u2019environnement et la  sant\u00e9 humaine, diverses m\u00e9thodes de d\u00e9contamination ont \u00e9t\u00e9 d\u00e9velopp\u00e9es.  Parmi elles, la biorem\u00e9diation utilise des bact\u00e9ries pour d\u00e9grader le  perchlorate en ions chlorure inoffensifs et en oxyg\u00e8ne. D\u2019autres  m\u00e9thodes comprennent l\u2019adsorption sur charbon actif, l\u2019\u00e9change d\u2019ions et  les processus avanc\u00e9s d\u2019oxydation.<\/p><h2>Conseils de manipulation<\/h2><p>Lors de la manipulation du perchlorate d\u2019ammonium, il est essentiel  de prendre certaines pr\u00e9cautions pour \u00e9viter les risques d\u2019exposition.  Il est recommand\u00e9 de porter des \u00e9quipements de protection individuelle,  comme des gants et des lunettes de s\u00e9curit\u00e9, et de travailler dans des  zones bien ventil\u00e9es. Compte tenu de sa r\u00e9activit\u00e9 avec les mati\u00e8res  organiques, il est crucial d\u2019\u00e9viter tout contact avec celles-ci pour  pr\u00e9venir les risques d\u2019explosion.<\/p><\/div><\/div><\/article><\/main><\/div><\/div><\/div> <span id=\"ezoic-pub-ad-placeholder-711\" data-method=\"ai-placeholders\" class=\"ezoic-autoinsert-ad\"><\/span><span data-ez-ph-id=\"711\"><\/span> <\/p>\n\n\n\n<p>source: <a href=\"https:\/\/material-properties.org\/fr\/perchlorate-dammonium\/\" target=\"_blank\" rel=\"noreferrer noopener\">https:\/\/material-properties.org\/fr\/perchlorate-dammonium\/ <\/a><\/p>\n","protected":false},"excerpt":{"rendered":"<p>Information sur la synth\u00e8se du parac\u00e9tamol: Perchlorate d\u2019ammonium (ArianeGroup) Applications En raison de ses propri\u00e9t\u00e9s oxydantes, le perchlorate d\u2019ammonium trouve des applications dans divers domaines : Propulseurs : Il est couramment utilis\u00e9 comme oxydant dans les propulseurs de fus\u00e9es. Sa capacit\u00e9 \u00e0 lib\u00e9rer rapidement de l\u2019oxyg\u00e8ne en fait un choix id\u00e9al pour cette application. Pyrotechnie [&hellip;]<\/p>\n","protected":false},"author":2,"featured_media":0,"parent":2458,"menu_order":4,"comment_status":"closed","ping_status":"closed","template":"","meta":{"footnotes":""},"_links":{"self":[{"href":"https:\/\/cqcroixdepierre.fr\/index.php\/wp-json\/wp\/v2\/pages\/2480"}],"collection":[{"href":"https:\/\/cqcroixdepierre.fr\/index.php\/wp-json\/wp\/v2\/pages"}],"about":[{"href":"https:\/\/cqcroixdepierre.fr\/index.php\/wp-json\/wp\/v2\/types\/page"}],"author":[{"embeddable":true,"href":"https:\/\/cqcroixdepierre.fr\/index.php\/wp-json\/wp\/v2\/users\/2"}],"replies":[{"embeddable":true,"href":"https:\/\/cqcroixdepierre.fr\/index.php\/wp-json\/wp\/v2\/comments?post=2480"}],"version-history":[{"count":5,"href":"https:\/\/cqcroixdepierre.fr\/index.php\/wp-json\/wp\/v2\/pages\/2480\/revisions"}],"predecessor-version":[{"id":2495,"href":"https:\/\/cqcroixdepierre.fr\/index.php\/wp-json\/wp\/v2\/pages\/2480\/revisions\/2495"}],"up":[{"embeddable":true,"href":"https:\/\/cqcroixdepierre.fr\/index.php\/wp-json\/wp\/v2\/pages\/2458"}],"wp:attachment":[{"href":"https:\/\/cqcroixdepierre.fr\/index.php\/wp-json\/wp\/v2\/media?parent=2480"}],"curies":[{"name":"wp","href":"https:\/\/api.w.org\/{rel}","templated":true}]}}