{"id":1743,"date":"2023-04-24T17:14:26","date_gmt":"2023-04-24T15:14:26","guid":{"rendered":"https:\/\/cqcroixdepierre.fr\/?page_id=1743"},"modified":"2023-04-24T17:25:06","modified_gmt":"2023-04-24T15:25:06","slug":"pluih","status":"publish","type":"page","link":"https:\/\/cqcroixdepierre.fr\/index.php\/dossiers\/pluih\/","title":{"rendered":"PLUiH (Plan Local d&rsquo;Urbanisme inter-communal et Habitat)"},"content":{"rendered":"\n<p><strong>PLUiH 2018<\/strong>:<\/p>\n\n\n\n<ul><li><a rel=\"noreferrer noopener\" href=\"https:\/\/cqcroixdepierre.fr\/wp-content\/uploads\/2019\/01\/18-006-007-VD4-PDF-M\u00e9moire-CQ-CdP-pour-la-CE-PLUiH-2018-OAP-OASIS.pdf\" target=\"_blank\">M\u00e9moire Comit\u00e9 de Quartier Croix de Pierre pour la CE-OAP OASIS<\/a><\/li><li><a href=\"https:\/\/cqcroixdepierre.fr\/wp-content\/uploads\/2019\/01\/18-006-007-VD4-PDF-M%C3%A9moire-CQ-CdP-pour-la-CE-PLUiH-2018-OAP-OASIS.pdf\" target=\"_blank\" rel=\"noreferrer noopener\">M\u00e9moire Comit\u00e9 de Quartier Croix de Pierre contre STECAL<\/a><\/li><\/ul>\n\n\n\n<p><\/p>\n","protected":false},"excerpt":{"rendered":"<p>PLUiH 2018: M\u00e9moire Comit\u00e9 de Quartier Croix de Pierre pour la CE-OAP OASIS M\u00e9moire Comit\u00e9 de Quartier Croix de Pierre contre STECAL<\/p>\n","protected":false},"author":2,"featured_media":0,"parent":36,"menu_order":1,"comment_status":"closed","ping_status":"closed","template":"","meta":{"footnotes":""},"_links":{"self":[{"href":"https:\/\/cqcroixdepierre.fr\/index.php\/wp-json\/wp\/v2\/pages\/1743"}],"collection":[{"href":"https:\/\/cqcroixdepierre.fr\/index.php\/wp-json\/wp\/v2\/pages"}],"about":[{"href":"https:\/\/cqcroixdepierre.fr\/index.php\/wp-json\/wp\/v2\/types\/page"}],"author":[{"embeddable":true,"href":"https:\/\/cqcroixdepierre.fr\/index.php\/wp-json\/wp\/v2\/users\/2"}],"replies":[{"embeddable":true,"href":"https:\/\/cqcroixdepierre.fr\/index.php\/wp-json\/wp\/v2\/comments?post=1743"}],"version-history":[{"count":3,"href":"https:\/\/cqcroixdepierre.fr\/index.php\/wp-json\/wp\/v2\/pages\/1743\/revisions"}],"predecessor-version":[{"id":1747,"href":"https:\/\/cqcroixdepierre.fr\/index.php\/wp-json\/wp\/v2\/pages\/1743\/revisions\/1747"}],"up":[{"embeddable":true,"href":"https:\/\/cqcroixdepierre.fr\/index.php\/wp-json\/wp\/v2\/pages\/36"}],"wp:attachment":[{"href":"https:\/\/cqcroixdepierre.fr\/index.php\/wp-json\/wp\/v2\/media?parent=1743"}],"curies":[{"name":"wp","href":"https:\/\/api.w.org\/{rel}","templated":true}]}}