{"id":145,"date":"2019-01-08T16:41:25","date_gmt":"2019-01-08T15:41:25","guid":{"rendered":"http:\/\/cqcroixdepierre.fr\/?page_id=145"},"modified":"2025-12-17T17:10:44","modified_gmt":"2025-12-17T16:10:44","slug":"adhesion","status":"publish","type":"page","link":"https:\/\/cqcroixdepierre.fr\/index.php\/adhesion\/","title":{"rendered":"Adh\u00e9sion"},"content":{"rendered":"<p>Vous pouvez r\u00e9aliser cette op\u00e9ration en ligne sur notre page Helloasso &#8211; formule \u00e0 privil\u00e9gier<\/p>\n<p style=\"text-align: center;\"><a href=\"https:\/\/www.helloasso.com\/associations\/comite-de-quartier-croix-de-pierre\">https:\/\/www.helloasso.com\/associations\/comite-de-quartier-croix-de-pierre<\/a><\/p>\n\n\n<p>La formule \u00ab\u00a0papier\u00a0\u00bb fonctionne toujours, par courrier ou lors de l&rsquo;Assembl\u00e9e G\u00e9n\u00e9rale<\/p>\n\n\n<div class=\"wp-block-image\">\n<figure class=\"aligncenter size-large\"><img fetchpriority=\"high\" decoding=\"async\" width=\"615\" height=\"336\" src=\"https:\/\/cqcroixdepierre.fr\/wp-content\/uploads\/2021\/12\/bulletin-simple.jpg\" alt=\"\" class=\"wp-image-1456\" srcset=\"https:\/\/cqcroixdepierre.fr\/wp-content\/uploads\/2021\/12\/bulletin-simple.jpg 615w, https:\/\/cqcroixdepierre.fr\/wp-content\/uploads\/2021\/12\/bulletin-simple-300x164.jpg 300w\" sizes=\"(max-width: 615px) 100vw, 615px\" \/><\/figure><\/div>\n\n\n<div class=\"wp-block-file\"><a id=\"wp-block-file--media-8b9dfc31-039e-401a-a67c-cbe88a603b8f\" href=\"https:\/\/cqcroixdepierre.fr\/wp-content\/uploads\/2021\/12\/Bulletin-inscription.pdf\">Bulletin-inscription<\/a><a href=\"https:\/\/cqcroixdepierre.fr\/wp-content\/uploads\/2021\/12\/Bulletin-inscription.pdf\" class=\"wp-block-file__button wp-element-button\" download aria-describedby=\"wp-block-file--media-8b9dfc31-039e-401a-a67c-cbe88a603b8f\">T\u00e9l\u00e9charger<\/a><\/div>\n\n\n\n<p><\/p>\n","protected":false},"excerpt":{"rendered":"<p>Vous pouvez r\u00e9aliser cette op\u00e9ration en ligne sur notre page Helloasso &#8211; formule \u00e0 privil\u00e9gier https:\/\/www.helloasso.com\/associations\/comite-de-quartier-croix-de-pierre La formule \u00ab\u00a0papier\u00a0\u00bb fonctionne toujours, par courrier ou lors de l&rsquo;Assembl\u00e9e G\u00e9n\u00e9rale<\/p>\n","protected":false},"author":1,"featured_media":0,"parent":0,"menu_order":0,"comment_status":"closed","ping_status":"closed","template":"","meta":{"footnotes":""},"_links":{"self":[{"href":"https:\/\/cqcroixdepierre.fr\/index.php\/wp-json\/wp\/v2\/pages\/145"}],"collection":[{"href":"https:\/\/cqcroixdepierre.fr\/index.php\/wp-json\/wp\/v2\/pages"}],"about":[{"href":"https:\/\/cqcroixdepierre.fr\/index.php\/wp-json\/wp\/v2\/types\/page"}],"author":[{"embeddable":true,"href":"https:\/\/cqcroixdepierre.fr\/index.php\/wp-json\/wp\/v2\/users\/1"}],"replies":[{"embeddable":true,"href":"https:\/\/cqcroixdepierre.fr\/index.php\/wp-json\/wp\/v2\/comments?post=145"}],"version-history":[{"count":12,"href":"https:\/\/cqcroixdepierre.fr\/index.php\/wp-json\/wp\/v2\/pages\/145\/revisions"}],"predecessor-version":[{"id":2702,"href":"https:\/\/cqcroixdepierre.fr\/index.php\/wp-json\/wp\/v2\/pages\/145\/revisions\/2702"}],"wp:attachment":[{"href":"https:\/\/cqcroixdepierre.fr\/index.php\/wp-json\/wp\/v2\/media?parent=145"}],"curies":[{"name":"wp","href":"https:\/\/api.w.org\/{rel}","templated":true}]}}