{"id":139,"date":"2019-01-08T16:13:14","date_gmt":"2019-01-08T15:13:14","guid":{"rendered":"http:\/\/cqcroixdepierre.fr\/?page_id=139"},"modified":"2026-02-02T15:12:52","modified_gmt":"2026-02-02T14:12:52","slug":"a-la-une","status":"publish","type":"page","link":"https:\/\/cqcroixdepierre.fr\/","title":{"rendered":"A la Une"},"content":{"rendered":"<h3>\u00c0 la Une<\/h3>\n<ul class=\"lcp_catlist\" id=\"lcp_instance_0\"><li><a href=\"https:\/\/cqcroixdepierre.fr\/index.php\/2026\/03\/28\/mercredi-15-avril-2026-les-talents-du-quartier-n2-quel-futur-apres-le-progres-par-jean-francois-simonin\/\">Mercredi 15 avril 2026 \u00e0 20h30 :                            Les Talents du Quartier n\u00b02                                 Quel futur apr\u00e8s le progr\u00e8s ? par Jean-Fran\u00e7ois SIMONIN<\/a><\/li><li><a href=\"https:\/\/cqcroixdepierre.fr\/index.php\/2026\/03\/18\/municipales-2026-infos-questionnaires\/\">Municipales 2026 \/ Questionnaires aux candidats<\/a><\/li><li><a href=\"https:\/\/cqcroixdepierre.fr\/index.php\/2026\/02\/21\/communique-de-presse-ipsophene-le-conseil-detat-rebat-les-cartes\/\">Communiqu\u00e9 de Presse : IPSOPHENE le Conseil d&rsquo;Etat rebat les cartes<\/a><\/li><li><a href=\"https:\/\/cqcroixdepierre.fr\/index.php\/2025\/09\/03\/stationnement-resident-payant\/\">Stationnement r\u00e9sident payant Croix de Pierre &#8211; Les habitants vont-ils payer 135\u20ac pour rien ?<\/a><\/li><li><a href=\"https:\/\/cqcroixdepierre.fr\/index.php\/2023\/03\/22\/10-mars-au-14-avril-enquete-publique-unique-pour-lamenagement-de-lile-du-ramier\/\">Enqu\u00eate publique unique pour l&rsquo;am\u00e9nagement de l&rsquo;\u00eele du Ramier &#8211; Conclusions du commissaire enqu\u00eateur<\/a><\/li><li><a href=\"https:\/\/cqcroixdepierre.fr\/index.php\/2021\/06\/14\/oap-oasis-ici-on-abat-les-arbres\/\">OAP OASIS\/Terre Garonne: Zone naturelle en p\u00e9ril : Ici, on abat les arbres<\/a><\/li><\/ul>\n<h3>&nbsp;Les Rendez-vous :<\/h3>\n<ul class=\"lcp_catlist\" id=\"lcp_instance_0\"><li><a href=\"https:\/\/cqcroixdepierre.fr\/index.php\/2026\/03\/28\/mercredi-15-avril-2026-les-talents-du-quartier-n2-quel-futur-apres-le-progres-par-jean-francois-simonin\/\">Mercredi 15 avril 2026 \u00e0 20h30 :                            Les Talents du Quartier n\u00b02                                 Quel futur apr\u00e8s le progr\u00e8s ? par Jean-Fran\u00e7ois SIMONIN<\/a><\/li><li><a href=\"https:\/\/cqcroixdepierre.fr\/index.php\/2026\/01\/25\/5-janvier-au-5-avril-consultation-sur-larrete-de-restriction-de-vols-de-nuit-aeroport-de-toulouse-blagnac\/\">5 janvier au 5 avril: Consultation sur l&rsquo;arr\u00eat\u00e9 de restriction de vols de nuit (a\u00e9roport de Toulouse-Blagnac)<\/a><\/li><\/ul>\n<p><iframe width=\"1140\" height=\"641\" src=\"https:\/\/www.youtube.com\/embed\/iBcDFY6jcPg?feature=oembed\" frameborder=\"0\" allow=\"accelerometer; autoplay; encrypted-media; gyroscope; picture-in-picture\" allowfullscreen><\/iframe><\/p>\n","protected":false},"excerpt":{"rendered":"<p>\u00c0 la Une &nbsp;Les Rendez-vous :<\/p>\n","protected":false},"author":1,"featured_media":0,"parent":0,"menu_order":0,"comment_status":"closed","ping_status":"closed","template":"","meta":{"footnotes":""},"_links":{"self":[{"href":"https:\/\/cqcroixdepierre.fr\/index.php\/wp-json\/wp\/v2\/pages\/139"}],"collection":[{"href":"https:\/\/cqcroixdepierre.fr\/index.php\/wp-json\/wp\/v2\/pages"}],"about":[{"href":"https:\/\/cqcroixdepierre.fr\/index.php\/wp-json\/wp\/v2\/types\/page"}],"author":[{"embeddable":true,"href":"https:\/\/cqcroixdepierre.fr\/index.php\/wp-json\/wp\/v2\/users\/1"}],"replies":[{"embeddable":true,"href":"https:\/\/cqcroixdepierre.fr\/index.php\/wp-json\/wp\/v2\/comments?post=139"}],"version-history":[{"count":18,"href":"https:\/\/cqcroixdepierre.fr\/index.php\/wp-json\/wp\/v2\/pages\/139\/revisions"}],"predecessor-version":[{"id":326,"href":"https:\/\/cqcroixdepierre.fr\/index.php\/wp-json\/wp\/v2\/pages\/139\/revisions\/326"}],"wp:attachment":[{"href":"https:\/\/cqcroixdepierre.fr\/index.php\/wp-json\/wp\/v2\/media?parent=139"}],"curies":[{"name":"wp","href":"https:\/\/api.w.org\/{rel}","templated":true}]}}