{"id":1232,"date":"2021-01-27T15:00:22","date_gmt":"2021-01-27T14:00:22","guid":{"rendered":"http:\/\/cqcroixdepierre.fr\/?page_id=1232"},"modified":"2025-05-02T13:12:53","modified_gmt":"2025-05-02T11:12:53","slug":"arianegroup-site-seveso-sh-seuil-haut","status":"publish","type":"page","link":"https:\/\/cqcroixdepierre.fr\/index.php\/dossiers\/ipsophenearianegroup\/arianegroup-site-seveso-sh-seuil-haut\/","title":{"rendered":"ArianeGroup \u2013 Site SEVESO SH (Seuil Haut)"},"content":{"rendered":"\t\t<div data-elementor-type=\"wp-page\" data-elementor-id=\"1232\" class=\"elementor elementor-1232\">\n\t\t\t\t\t\t<section class=\"elementor-section elementor-top-section elementor-element elementor-element-199fb2fb elementor-section-boxed elementor-section-height-default elementor-section-height-default\" data-id=\"199fb2fb\" data-element_type=\"section\">\n\t\t\t\t\t\t<div class=\"elementor-container elementor-column-gap-default\">\n\t\t\t\t\t<div class=\"elementor-column elementor-col-100 elementor-top-column elementor-element elementor-element-36985ab5\" data-id=\"36985ab5\" data-element_type=\"column\">\n\t\t\t<div class=\"elementor-widget-wrap elementor-element-populated\">\n\t\t\t\t\t\t<div class=\"elementor-element elementor-element-59d5d274 elementor-widget elementor-widget-text-editor\" data-id=\"59d5d274\" data-element_type=\"widget\" data-widget_type=\"text-editor.default\">\n\t\t\t\t<div class=\"elementor-widget-container\">\n\t\t\t\t\t\t\t<!-- wp:paragraph -->\n<p><a href=\"http:\/\/www.occitanie.developpement-durable.gouv.fr\/IMG\/pdf\/compte_rendu__css_arianegroup_-_07_12_2021_signe.pdf\">Compte-rendu de la <strong>Commission de Suivi de Site<\/strong> du 07\/12\/2020<\/a><\/p>\n<!-- \/wp:paragraph --><!-- wp:paragraph -->\n<p><a href=\"https:\/\/cqcroixdepierre.fr\/wp-content\/uploads\/2019\/01\/13-008-022-PDF-D\u00e9cision-du-CA-du-CQ-CdP-de-rejetter-le-projet-de-PPRT-pr\u00e9sent\u00e9-en-EP-2013.pdf\" target=\"_blank\" rel=\"noreferrer noopener\">D\u00e9cision du CA du CQ CdP de rejeter le projet de PPRT pr\u00e9sent\u00e9 en EP 2013<\/a><\/p>\n<!-- \/wp:paragraph --><!-- wp:paragraph -->\n<p><a href=\"https:\/\/cqcroixdepierre.fr\/wp-content\/uploads\/2019\/01\/13-008-110-Communique_inter-associatif_2013_12_18_VF.pdf\" target=\"_blank\" rel=\"noreferrer noopener\">Communiqu\u00e9 inter-associatif 2013-12-18<\/a><\/p>\n<!-- \/wp:paragraph -->\t\t\t\t\t\t<\/div>\n\t\t\t\t<\/div>\n\t\t\t\t\t<\/div>\n\t\t<\/div>\n\t\t\t\t\t<\/div>\n\t\t<\/section>\n\t\t\t\t<\/div>\n\t\t","protected":false},"excerpt":{"rendered":"<p>Compte-rendu de la Commission de Suivi de Site du 07\/12\/2020 D\u00e9cision du CA du CQ CdP de rejeter le projet de PPRT pr\u00e9sent\u00e9 en EP 2013 Communiqu\u00e9 inter-associatif 2013-12-18<\/p>\n","protected":false},"author":2,"featured_media":0,"parent":2458,"menu_order":6,"comment_status":"closed","ping_status":"closed","template":"","meta":{"footnotes":""},"_links":{"self":[{"href":"https:\/\/cqcroixdepierre.fr\/index.php\/wp-json\/wp\/v2\/pages\/1232"}],"collection":[{"href":"https:\/\/cqcroixdepierre.fr\/index.php\/wp-json\/wp\/v2\/pages"}],"about":[{"href":"https:\/\/cqcroixdepierre.fr\/index.php\/wp-json\/wp\/v2\/types\/page"}],"author":[{"embeddable":true,"href":"https:\/\/cqcroixdepierre.fr\/index.php\/wp-json\/wp\/v2\/users\/2"}],"replies":[{"embeddable":true,"href":"https:\/\/cqcroixdepierre.fr\/index.php\/wp-json\/wp\/v2\/comments?post=1232"}],"version-history":[{"count":8,"href":"https:\/\/cqcroixdepierre.fr\/index.php\/wp-json\/wp\/v2\/pages\/1232\/revisions"}],"predecessor-version":[{"id":1741,"href":"https:\/\/cqcroixdepierre.fr\/index.php\/wp-json\/wp\/v2\/pages\/1232\/revisions\/1741"}],"up":[{"embeddable":true,"href":"https:\/\/cqcroixdepierre.fr\/index.php\/wp-json\/wp\/v2\/pages\/2458"}],"wp:attachment":[{"href":"https:\/\/cqcroixdepierre.fr\/index.php\/wp-json\/wp\/v2\/media?parent=1232"}],"curies":[{"name":"wp","href":"https:\/\/api.w.org\/{rel}","templated":true}]}}