{"id":1221,"date":"2021-01-27T14:11:58","date_gmt":"2021-01-27T13:11:58","guid":{"rendered":"http:\/\/cqcroixdepierre.fr\/?page_id=1221"},"modified":"2024-02-27T11:16:13","modified_gmt":"2024-02-27T10:16:13","slug":"oap-oasis-terre-garonne","status":"publish","type":"page","link":"https:\/\/cqcroixdepierre.fr\/index.php\/dossiers\/oap-oasis-terre-garonne\/","title":{"rendered":"OAP OASIS\/&rsquo;Terre Garonne&rsquo;"},"content":{"rendered":"\n<figure class=\"wp-block-image size-large\"><a href=\"https:\/\/drive.google.com\/file\/d\/1GRcUJIL_spDrDVOWIhpPb-qStw46pFeM\/view?usp=sharing\"><img fetchpriority=\"high\" decoding=\"async\" width=\"1024\" height=\"578\" src=\"https:\/\/cqcroixdepierre.fr\/wp-content\/uploads\/2021\/07\/Image19-20-1024x578.jpg\" alt=\"\" class=\"wp-image-1384\" srcset=\"https:\/\/cqcroixdepierre.fr\/wp-content\/uploads\/2021\/07\/Image19-20-1024x578.jpg 1024w, https:\/\/cqcroixdepierre.fr\/wp-content\/uploads\/2021\/07\/Image19-20-300x169.jpg 300w, https:\/\/cqcroixdepierre.fr\/wp-content\/uploads\/2021\/07\/Image19-20-768x434.jpg 768w, https:\/\/cqcroixdepierre.fr\/wp-content\/uploads\/2021\/07\/Image19-20-528x297.jpg 528w, https:\/\/cqcroixdepierre.fr\/wp-content\/uploads\/2021\/07\/Image19-20.jpg 1252w\" sizes=\"(max-width: 1024px) 100vw, 1024px\" \/><\/a><figcaption class=\"wp-element-caption\"><a href=\"https:\/\/drive.google.com\/file\/d\/1GRcUJIL_spDrDVOWIhpPb-qStw46pFeM\/view?usp=sharing\" data-type=\"URL\" data-id=\"https:\/\/drive.google.com\/file\/d\/1GRcUJIL_spDrDVOWIhpPb-qStw46pFeM\/view?usp=sharing\"><\/a><a href=\"https:\/\/drive.google.com\/file\/d\/1GRcUJIL_spDrDVOWIhpPb-qStw46pFeM\/view?usp=sharing\">Journal T\u00e9l\u00e9vis\u00e9 19-20 France3 Occitanie Midi-Pyr\u00e9n\u00e9es du 06\/07<\/a><\/figcaption><\/figure>\n\n\n\n<p class=\"has-text-align-center has-medium-font-size\"><strong>D\u00e9but d&rsquo;un massacre annonc\u00e9 (juin 2021)<\/strong><\/p>\n\n\n\n<figure class=\"wp-block-image size-large\"><img decoding=\"async\" width=\"1024\" height=\"317\" src=\"https:\/\/cqcroixdepierre.fr\/wp-content\/uploads\/2021\/06\/IMG_5533p-1024x317.jpg\" alt=\"\" class=\"wp-image-1355\" srcset=\"https:\/\/cqcroixdepierre.fr\/wp-content\/uploads\/2021\/06\/IMG_5533p-1024x317.jpg 1024w, https:\/\/cqcroixdepierre.fr\/wp-content\/uploads\/2021\/06\/IMG_5533p-300x93.jpg 300w, https:\/\/cqcroixdepierre.fr\/wp-content\/uploads\/2021\/06\/IMG_5533p-768x238.jpg 768w, https:\/\/cqcroixdepierre.fr\/wp-content\/uploads\/2021\/06\/IMG_5533p-1536x476.jpg 1536w, https:\/\/cqcroixdepierre.fr\/wp-content\/uploads\/2021\/06\/IMG_5533p.jpg 1807w\" sizes=\"(max-width: 1024px) 100vw, 1024px\" \/><\/figure>\n\n\n\n<p class=\"has-text-align-center\"><a rel=\"noreferrer noopener\" href=\"https:\/\/drive.google.com\/file\/d\/1WvLn50FwuNDsBbcyDBhYmZfRIxd--69X\/view?usp=sharing\" target=\"_blank\"><strong>Plan d&rsquo;abattage extrait du PC<\/strong><\/a> (abattage de 38 arbres sur les 46 sur l&rsquo;ensemble du site)<\/p>\n\n\n\n<p class=\"has-text-align-center\"><a rel=\"noreferrer noopener\" href=\"https:\/\/drive.google.com\/file\/d\/1-C7lmHoHYvcZek_CZEEE6DcbZ3IbVSYu\/view?usp=sharing\" target=\"_blank\"><strong>Etude sanitaires des arbres<\/strong><\/a> (Zone Natura 2000 &#8211; abattage de 10 arbres sur 15)<\/p>\n\n\n\n<p class=\"has-text-align-center\" style=\"font-size:17px\"><strong>Reportage expliquant l&rsquo;augmentation des risques pour les riverains en cas inondation<\/strong><\/p>\n\n\n<div class=\"wp-block-image\">\n<figure class=\"aligncenter size-full\"><a href=\"https:\/\/drive.google.com\/open?id=1JAaUr4CNUzGeDGTYQCTETcd7zT159OGW\" target=\"_blank\" rel=\"noreferrer noopener\"><img decoding=\"async\" width=\"550\" height=\"309\" src=\"https:\/\/cqcroixdepierre.fr\/wp-content\/uploads\/2019\/02\/PDM_198736860_550.jpg\" alt=\"\" class=\"wp-image-427\" srcset=\"https:\/\/cqcroixdepierre.fr\/wp-content\/uploads\/2019\/02\/PDM_198736860_550.jpg 550w, https:\/\/cqcroixdepierre.fr\/wp-content\/uploads\/2019\/02\/PDM_198736860_550-300x169.jpg 300w, https:\/\/cqcroixdepierre.fr\/wp-content\/uploads\/2019\/02\/PDM_198736860_550-528x297.jpg 528w\" sizes=\"(max-width: 550px) 100vw, 550px\" \/><\/a><\/figure><\/div>\n\n\n<p class=\"has-text-align-center\"><a rel=\"noreferrer noopener\" aria-label=\" (s\u2019ouvre dans un nouvel onglet)\" href=\"https:\/\/drive.google.com\/open?id=1JAaUr4CNUzGeDGTYQCTETcd7zT159OGW\" target=\"_blank\">Journal T\u00e9l\u00e9vis\u00e9 France3 Occitanie Midi-Pyr\u00e9n\u00e9es du 07\/02 12h et 08\/02 19h<\/a><\/p>\n\n\n\n<p class=\"has-text-align-center\" style=\"font-size:23px\"><strong>OASIS: Nature pr\u00e9serv\u00e9e dans notre quartier<\/strong><\/p>\n\n\n<div class=\"wp-block-image\">\n<figure class=\"aligncenter size-large is-resized\"><img loading=\"lazy\" decoding=\"async\" width=\"1024\" height=\"768\" src=\"https:\/\/cqcroixdepierre.fr\/wp-content\/uploads\/2019\/03\/IMG_4247-1024x768.jpg\" alt=\"\" class=\"wp-image-482\" style=\"width:512px;height:384px\" srcset=\"https:\/\/cqcroixdepierre.fr\/wp-content\/uploads\/2019\/03\/IMG_4247-1024x768.jpg 1024w, https:\/\/cqcroixdepierre.fr\/wp-content\/uploads\/2019\/03\/IMG_4247-300x225.jpg 300w, https:\/\/cqcroixdepierre.fr\/wp-content\/uploads\/2019\/03\/IMG_4247-768x576.jpg 768w\" sizes=\"(max-width: 1024px) 100vw, 1024px\" \/><\/figure><\/div>\n\n\n<p class=\"has-text-align-center\"> <a href=\"https:\/\/drive.google.com\/open?id=1HbeIzF32PM5HGiZkW5QA-xu1YnYaNqm9\">Voir en video<\/a> <\/p>\n\n\n\n<p> Nos actions pour faire \u00e9voluer le projet, ci-dessous:<\/p>\n\n\n\n<ul>\n<li>12\/06\/2023 &#8211; R\u00e9ponse Mairie de Toulouse \n<ul>\n<li><a href=\"https:\/\/drive.google.com\/file\/d\/1Hke9ggpJ-cRX93SesExdmBHeKG0FadF_\/view?usp=sharing\" target=\"_blank\" rel=\"noreferrer noopener\">Lettre<\/a><\/li>\n\n\n\n<li><a href=\"https:\/\/drive.google.com\/file\/d\/1gH04-wrwEO6HmEDOOn6uWwM1lwmePOQK\/view?usp=sharing\">R\u00e9f\u00e9rence Permis de Construire<\/a><\/li>\n\n\n\n<li><a href=\"https:\/\/drive.google.com\/file\/d\/1Sf1fFOq_0_jJg2sAvprL85jfcg1MQG-S\/view?usp=sharing\" target=\"_blank\" rel=\"noreferrer noopener\">R\u00e9f\u00e9rence Permis de Construire modificatif<\/a><\/li>\n\n\n\n<li><a href=\"https:\/\/drive.google.com\/file\/d\/1cw98_Ktojhvd-z1IlEuMnbeDzfH-fr8r\/view?usp=sharing\" target=\"_blank\" rel=\"noreferrer noopener\">Etude \u00ab\u00a0Egis\u00a0\u00bb<\/a><\/li>\n<\/ul>\n<\/li>\n\n\n\n<li><a href=\"https:\/\/drive.google.com\/file\/d\/1sm7252LNJAT8iuZMS1BPInvzFtp_13Rt\/view?usp=sharing\">23\/05\/2023 &#8211; Demande de documents (lettre avocat)<\/a><\/li>\n\n\n\n<li><a href=\"https:\/\/drive.google.com\/file\/d\/1X_Mul69s6sHP3wfWyujDT7AcNQegqw1N\/view?usp=sharing\" target=\"_blank\" rel=\"noreferrer noopener\">24\/12\/2020 &#8211; Lettre de la pr\u00e9fecture \/ clarification des responsabilit\u00e9s de la ville de Toulouse<\/a><\/li>\n\n\n\n<li><a rel=\"noreferrer noopener\" href=\"https:\/\/drive.google.com\/file\/d\/1Gggzh9pXOZdMTQf0Vwf0w32ihJioRL16\/view?usp=sharing\" target=\"_blank\">25\/11\/2020 &#8211; Rejet du recours gracieux<\/a><\/li>\n\n\n\n<li><a rel=\"noreferrer noopener\" href=\"https:\/\/www.ladepeche.fr\/2020\/11\/16\/toulouse-trop-de-projets-immobiliers-avenue-de-muret-9203619.php\" target=\"_blank\">16\/11\/2020 &#8211; Article de La D\u00e9p\u00eache \u00ab\u00a0Trop de projets avenue de Muret\u00a0\u00bb<\/a><\/li>\n\n\n\n<li><a rel=\"noreferrer noopener\" href=\"https:\/\/drive.google.com\/file\/d\/11rinzzIjIBLibcIAXokPA10kEU-7QwI5\/view?usp=sharing\" target=\"_blank\">14\/11\/2020 &#8211; Lettre ouvert au Maire de Toulouse JL Moudenc<\/a><\/li>\n\n\n\n<li><a rel=\"noreferrer noopener\" href=\"https:\/\/drive.google.com\/file\/d\/1gj7kxf7x9uZcQHvqJ8U-X4LuJQDHp3BT\/view?usp=sharing\" target=\"_blank\">12\/10\/2020 &#8211; Lettre aux riverains du projet<\/a><\/li>\n\n\n\n<li><a rel=\"noreferrer noopener\" href=\"https:\/\/www.ladepeche.fr\/2020\/10\/08\/annette-laigneau-la-dreal-a-valide-letude-sur-loasis-9125133.php\" target=\"_blank\">08\/10\/2020 &#8211; Article dans La D\u00e9p\u00eache &#8211; \u00ab\u00a0la Dreal a valid\u00e9 l\u2019\u00e9tude sur l\u2019Oasis\u00a0\u00bb (A. Laigneau)<\/a><\/li>\n\n\n\n<li><a rel=\"noreferrer noopener\" href=\"https:\/\/www.ladepeche.fr\/2020\/10\/06\/oasis-le-comite-de-quartier-croix-de-pierre-reagit-9120223.php\" target=\"_blank\">06\/10\/2020 &#8211; Article dans La D\u00e9p\u00eache &#8211; \u00ab\u00a0le comit\u00e9 du quartier Croix-de-Pierre \u00e0 Toulouse r\u00e9agit\u00a0\u00bb<\/a><\/li>\n\n\n\n<li><a rel=\"noreferrer noopener\" href=\"https:\/\/www.ladepeche.fr\/2020\/10\/03\/le-projet-oasis-inquiete-encore-9114211.php\" target=\"_blank\">03\/10\/2020 &#8211; Article dans La D\u00e9p\u00eache &#8211; \u00ab\u00a0Le projet OASIS inqui\u00e8te encore\u00a0\u00bb<\/a><\/li>\n\n\n\n<li><a rel=\"noreferrer noopener\" aria-label=\"25\/09\/2020 - Recours gracieux du Comit\u00e9 de Quartier envoy\u00e9 \u00e0 la Mairie de Toulouse (s\u2019ouvre dans un nouvel onglet)\" href=\"https:\/\/drive.google.com\/file\/d\/1z-wJYAMLabuVYZj2U8koBQyshztGOnf_\/view?usp=sharing\" target=\"_blank\">25\/09\/2020 &#8211; Recours gracieux du Comit\u00e9 de Quartier envoy\u00e9 \u00e0 la Mairie de Toulouse<\/a><\/li>\n\n\n\n<li><a rel=\"noreferrer noopener\" aria-label=\"11\/09\/2020 - Recours contre dispense d'\u00e9tude d'impact par l'Autorit\u00e9 Environnementale (s\u2019ouvre dans un nouvel onglet)\" href=\"https:\/\/drive.google.com\/file\/d\/1zcmtZ-VS9aGWvnGGTGXc_UMfECcxkRwu\/view?usp=sharing\" target=\"_blank\">11\/09\/2020 &#8211; Recours contre la dispense d&rsquo;\u00e9tude d&rsquo;impact envoy\u00e9 \u00e0 l&rsquo;Autorit\u00e9 Environnementale<\/a><\/li>\n\n\n\n<li><a rel=\"noreferrer noopener\" aria-label=\" (s\u2019ouvre dans un nouvel onglet)\" href=\"https:\/\/drive.google.com\/file\/d\/1mVpOHHe7alC60gY25KdynIg_aRhXKh5g\/view?usp=sharing\" target=\"_blank\">08\/09\/2020 &#8211; Dossier envoy\u00e9 \u00e0 l&rsquo;Autorit\u00e9 Environnementale de la pr\u00e9fecture<\/a><\/li>\n\n\n\n<li><a rel=\"noreferrer noopener\" href=\"https:\/\/drive.google.com\/file\/d\/1idphC3jSUGLHZaXLrleMnix7yBj4VwwR\/view?usp=sharing\" target=\"_blank\">05\/03\/2020 &#8211; Compte Rendu de la Mairie du bureau de quartier exceptionnel sur l&rsquo;OAP OASIS<\/a><\/li>\n\n\n\n<li><a rel=\"noreferrer noopener\" href=\"https:\/\/cqcroixdepierre.fr\/wp-content\/uploads\/2020\/03\/20200215-Compte-rendu-r%C3%A9union-candidat-JL-Moudenc.pdf\" target=\"_blank\">15\/02\/2020 &#8211; R\u00e9union avec JL Moudenc \/ \u00e9lections municipales<\/a><\/li>\n\n\n\n<li><a rel=\"noreferrer noopener\" aria-label=\"22\/03\/2019 - Rejet du recours gracieux par Toulouse M\u00e9tropole   (s\u2019ouvre dans un nouvel onglet)\" href=\"https:\/\/cqcroixdepierre.fr\/wp-content\/uploads\/2019\/03\/20190322-Rejet-du-recours-gracieux.pdf\" target=\"_blank\">22\/03\/2019 &#8211; Rejet du recours gracieux par Toulouse M\u00e9tropole<\/a><\/li>\n\n\n\n<li><a rel=\"noreferrer noopener\" href=\"https:\/\/cqcroixdepierre.fr\/wp-content\/uploads\/2019\/03\/20190205-Diapo-pr\u00e9sentation-Etude-Trafic-Oasis.pdf\" target=\"_blank\">Le plan de circulation pr\u00e9sent\u00e9 le 05\/02\/2019<\/a> <\/li>\n\n\n\n<li><a rel=\"noreferrer noopener\" href=\"http:\/\/www.toulouse-inondation.org\/documents\/fichiers\/prevenir\/Zonage-Carte1-300dpi.pdf\" target=\"_blank\">L<\/a><a rel=\"noreferrer noopener\" aria-label=\"e Plan de Pr\u00e9vention des Risques Inondation en vigueur (s\u2019ouvre dans un nouvel onglet)\" href=\"http:\/\/www.haute-garonne.gouv.fr\/content\/download\/6334\/40529\/file\/Aleas-carte2-300dpi.pdf\" target=\"_blank\">e Plan de Pr\u00e9vention des Risques Inondation en vigueur<\/a> &#8211; Notice \u00a0\u00bb <a rel=\"noreferrer noopener\" aria-label=\"RC-Toulouse--zone prot\u00e9g\u00e9e par les digues (s\u2019ouvre dans un nouvel onglet)\" href=\"http:\/\/www.haute-garonne.gouv.fr\/content\/download\/6331\/40517\/file\/RC-Toulouse--zone%20prot%C3%A9g%C3%A9e%20par%20les%20digues.pdf\" target=\"_blank\">RC-Toulouse&#8211;zone prot\u00e9g\u00e9e par les digues<\/a> \u00ab\u00a0<\/li>\n<\/ul>\n\n\n\n<p>En compl\u00e9ment voici les liens sur les permis de construire et dossiers \u00ab&nbsp;cas par cas&nbsp;\u00bb extrait de ces derniers.<\/p>\n\n\n\n<ol>\n<li>Permis de construire d\u00e9pos\u00e9 le 27\/04\/2018\u00a0: <a href=\"https:\/\/drive.google.com\/file\/d\/1AL70GcxS88whpaCRsN7D0_hnRypVoFX-\/view?usp=sharing\">PC 031 555 18 C0329 ( &gt; 200Mo \u00e0 t\u00e9l\u00e9charger)<\/a>\n<ul>\n<li><a href=\"https:\/\/drive.google.com\/file\/d\/146mdmvPJ7Rba9qVSO6YW4mmPTR3dJYVC\/view?usp=sharing\">Extrait dossier li\u00e9 au cas par cas&nbsp;: dispense pr\u00e9fectorale et Etude Egis<\/a><\/li>\n\n\n\n<li>Contient la r\u00e9f\u00e9rence \u00e0  la dispense pr\u00e9fectorale du 29\/09\/2017 (cas par cas n\u00b02017-5035)<\/li>\n<\/ul>\n<\/li>\n\n\n\n<li>Permis de construire  modificatif d\u00e9pos\u00e9 le 22\/11\/2019 : <a href=\"https:\/\/drive.google.com\/file\/d\/1GmpByECVOUfq2Im9nf_C28MSwNyy_05g\/view?usp=sharing\">PC 031 555 18 C0329 M01 ( &gt; 200Mo \u00e0 t\u00e9l\u00e9charger)<\/a>\n<ul>\n<li><a href=\"https:\/\/drive.google.com\/file\/d\/13XMX4KAdgcvALdlshER1ZgoxprwWyNIs\/view?usp=sharing\">Extrait dossier li\u00e9 au cas par cas : dispense pr\u00e9fectorale et Etude Egis<\/a><\/li>\n\n\n\n<li>Contient la r\u00e9f\u00e9rence \u00e0 la dispense pr\u00e9fectorale du 07\/11\/2019 (cas par cas n\u00b0 2019-7948)<\/li>\n<\/ul>\n<\/li>\n\n\n\n<li>Permis de construire modificatif d\u00e9pos\u00e9 le 29\/05\/2020 : <a href=\"https:\/\/drive.google.com\/file\/d\/1wOQ-zv_OzMAB96rBvIyDpaRt6AUMpK5M\/view?usp=sharing\">PC 031 555 18 C0329 M02 ( &gt; 200Mo \u00e0 t\u00e9l\u00e9charger)<\/a>\n<ul>\n<li><a href=\"https:\/\/drive.google.com\/file\/d\/117lYzTTPZZx9Ow42aEAhOFciigqjvTA0\/view?usp=sharing\">Extrait dossier li\u00e9 au cas par cas : dispense pr\u00e9fectorale et Etude Egis<\/a><\/li>\n\n\n\n<li>Contient la r\u00e9f\u00e9rence \u00e0 la dispense pr\u00e9fectorale du 07\/11\/2019 et du 16\/06\/2020 (cas par cas n\u00b02019-7948)<\/li>\n<\/ul>\n<\/li>\n<\/ol>\n\n\n\n<p><strong>Articles r\u00e9cents sur le m\u00eame sujet:<\/strong><\/p>\n\n\n<ul class=\"wp-block-latest-posts__list wp-block-latest-posts\"><li><a class=\"wp-block-latest-posts__post-title\" href=\"https:\/\/cqcroixdepierre.fr\/index.php\/2021\/06\/14\/oap-oasis-ici-on-abat-les-arbres\/\">OAP OASIS\/Terre Garonne: Zone naturelle en p\u00e9ril : Ici, on abat les arbres<\/a><\/li>\n<li><a class=\"wp-block-latest-posts__post-title\" href=\"https:\/\/cqcroixdepierre.fr\/index.php\/2020\/10\/10\/oasis-orizon-reportage-jt-12-13-france3-07-02-2019\/\">\u00ab\u00a0OASIS\/ORIZON\/Terre Garonne\u00a0\u00bb &#8211;  LE DOSSIER<\/a><\/li>\n<li><a class=\"wp-block-latest-posts__post-title\" href=\"https:\/\/cqcroixdepierre.fr\/index.php\/2019\/11\/10\/vendredi-29-novembre-organisation-dune-collecte-pour-les-habitants-du-44-av-de-muret\/\">Vendredi 29 novembre: Organisation d&rsquo;une collecte pour les habitants du 44 av. de Muret<\/a><\/li>\n<li><a class=\"wp-block-latest-posts__post-title\" href=\"https:\/\/cqcroixdepierre.fr\/index.php\/2019\/06\/04\/oasis-nature-preservee-dans-notre-quartier\/\">OASIS: Nature pr\u00e9serv\u00e9e dans notre quartier<\/a><\/li>\n<li><a class=\"wp-block-latest-posts__post-title\" href=\"https:\/\/cqcroixdepierre.fr\/index.php\/2019\/04\/10\/23-avril-reunion-du-groupe-de-soutien-maitrisons-oasis\/\">23 avril &#8211; R\u00e9union du groupe de soutien \u00ab\u00a0Ma\u00eetrisons OASIS\u00a0\u00bb<\/a><\/li>\n<\/ul>\n\n\n<p><\/p>\n","protected":false},"excerpt":{"rendered":"<p>D\u00e9but d&rsquo;un massacre annonc\u00e9 (juin 2021) Plan d&rsquo;abattage extrait du PC (abattage de 38 arbres sur les 46 sur l&rsquo;ensemble du site) Etude sanitaires des arbres (Zone Natura 2000 &#8211; abattage de 10 arbres sur 15) Reportage expliquant l&rsquo;augmentation des risques pour les riverains en cas inondation Journal T\u00e9l\u00e9vis\u00e9 France3 Occitanie Midi-Pyr\u00e9n\u00e9es du 07\/02 12h [&hellip;]<\/p>\n","protected":false},"author":2,"featured_media":1225,"parent":36,"menu_order":1,"comment_status":"closed","ping_status":"closed","template":"","meta":{"footnotes":""},"_links":{"self":[{"href":"https:\/\/cqcroixdepierre.fr\/index.php\/wp-json\/wp\/v2\/pages\/1221"}],"collection":[{"href":"https:\/\/cqcroixdepierre.fr\/index.php\/wp-json\/wp\/v2\/pages"}],"about":[{"href":"https:\/\/cqcroixdepierre.fr\/index.php\/wp-json\/wp\/v2\/types\/page"}],"author":[{"embeddable":true,"href":"https:\/\/cqcroixdepierre.fr\/index.php\/wp-json\/wp\/v2\/users\/2"}],"replies":[{"embeddable":true,"href":"https:\/\/cqcroixdepierre.fr\/index.php\/wp-json\/wp\/v2\/comments?post=1221"}],"version-history":[{"count":16,"href":"https:\/\/cqcroixdepierre.fr\/index.php\/wp-json\/wp\/v2\/pages\/1221\/revisions"}],"predecessor-version":[{"id":2057,"href":"https:\/\/cqcroixdepierre.fr\/index.php\/wp-json\/wp\/v2\/pages\/1221\/revisions\/2057"}],"up":[{"embeddable":true,"href":"https:\/\/cqcroixdepierre.fr\/index.php\/wp-json\/wp\/v2\/pages\/36"}],"wp:featuredmedia":[{"embeddable":true,"href":"https:\/\/cqcroixdepierre.fr\/index.php\/wp-json\/wp\/v2\/media\/1225"}],"wp:attachment":[{"href":"https:\/\/cqcroixdepierre.fr\/index.php\/wp-json\/wp\/v2\/media?parent=1221"}],"curies":[{"name":"wp","href":"https:\/\/api.w.org\/{rel}","templated":true}]}}