{"id":1023,"date":"2020-07-05T07:58:05","date_gmt":"2020-07-05T05:58:05","guid":{"rendered":"http:\/\/cqcroixdepierre.fr\/?page_id=1023"},"modified":"2024-02-21T10:04:12","modified_gmt":"2024-02-21T09:04:12","slug":"sports-et-loisirs","status":"publish","type":"page","link":"https:\/\/cqcroixdepierre.fr\/index.php\/vie-de-quartier\/sports-et-loisirs\/","title":{"rendered":"Sports et loisirs"},"content":{"rendered":"\n<p class=\"has-text-align-center has-medium-font-size\"><strong><a href=\"#ESCALADE\">Escalade<\/a><br><a href=\"#JUDO\">Judo<\/a><br><a href=\"#KAYAK\">Kayak<\/a><\/strong><br><strong><a href=\"#ALT\">Atelier Loisirs Toulousains<\/a><\/strong><\/p>\n\n\n\n<h2 class=\"wp-block-heading has-vivid-green-cyan-color has-text-color\" id=\"ESCALADE\"><em>Escalade sur la Digue &#8211; Club Alpin Fran\u00e7ais<\/em><\/h2>\n\n\n\n<div class=\"wp-block-group is-layout-flow wp-block-group-is-layout-flow\"><div class=\"wp-block-group__inner-container\">\n<figure class=\"wp-block-image size-large\"><img fetchpriority=\"high\" decoding=\"async\" width=\"1024\" height=\"504\" src=\"https:\/\/cqcroixdepierre.fr\/wp-content\/uploads\/2020\/08\/Localisation-voies-escalade-berges-garonne-98-rue-de-la-digue-1-1024x504.jpg\" alt=\"\" class=\"wp-image-1048\" srcset=\"https:\/\/cqcroixdepierre.fr\/wp-content\/uploads\/2020\/08\/Localisation-voies-escalade-berges-garonne-98-rue-de-la-digue-1-1024x504.jpg 1024w, https:\/\/cqcroixdepierre.fr\/wp-content\/uploads\/2020\/08\/Localisation-voies-escalade-berges-garonne-98-rue-de-la-digue-1-300x148.jpg 300w, https:\/\/cqcroixdepierre.fr\/wp-content\/uploads\/2020\/08\/Localisation-voies-escalade-berges-garonne-98-rue-de-la-digue-1-768x378.jpg 768w, https:\/\/cqcroixdepierre.fr\/wp-content\/uploads\/2020\/08\/Localisation-voies-escalade-berges-garonne-98-rue-de-la-digue-1.jpg 1380w\" sizes=\"(max-width: 1024px) 100vw, 1024px\" \/><\/figure>\n<\/div><\/div>\n\n\n<div class=\"wp-block-image is-style-default\">\n<figure class=\"alignleft size-large is-resized\"><img decoding=\"async\" width=\"431\" height=\"646\" src=\"https:\/\/cqcroixdepierre.fr\/wp-content\/uploads\/2020\/08\/nles-berges-2020-46-1.jpg\" alt=\"\" class=\"wp-image-1049\" style=\"width:236px;height:354px\" srcset=\"https:\/\/cqcroixdepierre.fr\/wp-content\/uploads\/2020\/08\/nles-berges-2020-46-1.jpg 431w, https:\/\/cqcroixdepierre.fr\/wp-content\/uploads\/2020\/08\/nles-berges-2020-46-1-200x300.jpg 200w\" sizes=\"(max-width: 431px) 100vw, 431px\" \/><\/figure><\/div>\n\n\n<p>Il est \u00e0 nouveau possible de faire de l&rsquo;escalade sur les berges de la Garonne, <strong>MERCI au CAF de Toulouse !<\/strong> Les digues de la Garonne sont propri\u00e9t\u00e9 de la DDE service fluvial et le club alpin de Toulouse \u00e0 une autorisation d&rsquo;occupation temporaire de ces digues pour faire des voies d&rsquo;escalade. Cette autorisation comprend \u00e9galement une bande lat\u00e9rale au pied du mur pour pouvoir assurer : cela correspond \u00e0 la partie herbeuse entre le mur et la piste cyclable. Cette autorisation est born\u00e9e effectivement concernant l&rsquo;acc\u00e8s, aux cafistes +  conventions&#8230; Tout incident d\u2019un grimpeur autonome et hors convention pourrait \u00eatre pr\u00e9judiciable au CAF., et donc 2 panneaux d&rsquo;informations sont en place afin d&rsquo;informer clairement tout grimpeur. Le CAF Toulouse d\u00e9cline toute responsabilit\u00e9 en cas d\u2019escalade hors convention (un petit mail au CAF d\u2019information ne coute rien et peut faire office de convention). <strong>secretariat@clubalpintoulouse.fr<\/strong><\/p>\n\n\n\n<figure class=\"wp-block-image size-large is-resized\"><img decoding=\"async\" width=\"1024\" height=\"769\" src=\"https:\/\/cqcroixdepierre.fr\/wp-content\/uploads\/2020\/08\/Plaques-information-berges-garonne-08-2020-1024x769.jpg\" alt=\"\" class=\"wp-image-1044\" style=\"width:692px;height:519px\" srcset=\"https:\/\/cqcroixdepierre.fr\/wp-content\/uploads\/2020\/08\/Plaques-information-berges-garonne-08-2020-1024x769.jpg 1024w, https:\/\/cqcroixdepierre.fr\/wp-content\/uploads\/2020\/08\/Plaques-information-berges-garonne-08-2020-300x225.jpg 300w, https:\/\/cqcroixdepierre.fr\/wp-content\/uploads\/2020\/08\/Plaques-information-berges-garonne-08-2020-768x576.jpg 768w, https:\/\/cqcroixdepierre.fr\/wp-content\/uploads\/2020\/08\/Plaques-information-berges-garonne-08-2020-1536x1153.jpg 1536w, https:\/\/cqcroixdepierre.fr\/wp-content\/uploads\/2020\/08\/Plaques-information-berges-garonne-08-2020.jpg 1600w\" sizes=\"(max-width: 1024px) 100vw, 1024px\" \/><\/figure>\n\n\n\n<p><\/p>\n\n\n\n<h2 class=\"wp-block-heading has-vivid-green-cyan-color has-text-color\" id=\"KAYAK\"> <em>Cano\u00eb Kayak Toulousain<\/em> <\/h2>\n\n\n\n<figure class=\"wp-block-image size-large\"><img loading=\"lazy\" decoding=\"async\" width=\"583\" height=\"309\" src=\"https:\/\/cqcroixdepierre.fr\/wp-content\/uploads\/2020\/07\/Et\u00e9-2020.jpg\" alt=\"\" class=\"wp-image-1024\" srcset=\"https:\/\/cqcroixdepierre.fr\/wp-content\/uploads\/2020\/07\/Et\u00e9-2020.jpg 583w, https:\/\/cqcroixdepierre.fr\/wp-content\/uploads\/2020\/07\/Et\u00e9-2020-300x159.jpg 300w\" sizes=\"(max-width: 583px) 100vw, 583px\" \/><\/figure>\n\n\n\n<p class=\"has-text-align-center\"><a href=\"https:\/\/www.cktoulousain.fr\/\" target=\"_blank\" rel=\"noreferrer noopener\" aria-label=\" (s\u2019ouvre dans un nouvel onglet)\">Site<\/a><\/p>\n\n\n\n<p>Adresse:   16 Chemin de la Loge 31400 Toulouse<br> Contact: 05 61 55 30 80<br>                  06 24 01 32 23<br>                   <a href=\"mailto:contact@cktoulousain.fr\">contact@cktoulousain.fr<\/a> <\/p>\n\n\n\n<h2 class=\"wp-block-heading has-vivid-green-cyan-color has-text-color\" id=\"JUDO\"> <em>Judo Croix de Pierre<\/em><\/h2>\n\n\n\n<p class=\"has-text-align-center\"><a href=\"http:\/\/croixdepierrejudo.free.fr\/index.php\" target=\"_blank\" rel=\"noreferrer noopener\" aria-label=\" (s\u2019ouvre dans un nouvel onglet)\">Site<\/a><\/p>\n\n\n\n<figure class=\"wp-block-image size-large\"><img loading=\"lazy\" decoding=\"async\" width=\"871\" height=\"188\" src=\"https:\/\/cqcroixdepierre.fr\/wp-content\/uploads\/2020\/09\/Judo-Croix-de-Pierre.jpg\" alt=\"\" class=\"wp-image-1060\" srcset=\"https:\/\/cqcroixdepierre.fr\/wp-content\/uploads\/2020\/09\/Judo-Croix-de-Pierre.jpg 871w, https:\/\/cqcroixdepierre.fr\/wp-content\/uploads\/2020\/09\/Judo-Croix-de-Pierre-300x65.jpg 300w, https:\/\/cqcroixdepierre.fr\/wp-content\/uploads\/2020\/09\/Judo-Croix-de-Pierre-768x166.jpg 768w\" sizes=\"(max-width: 871px) 100vw, 871px\" \/><\/figure>\n\n\n\n<p>Adresse:    DOJO\/Gymnase Maurice B\u00e9canne 19 rue Th\u00e9odore Rivi\u00e8re 31300 TOULOUSE<br>Contact : Alex DELAURE au 06.73.90.58.44 <\/p>\n\n\n\n<h2 class=\"wp-block-heading has-vivid-green-cyan-color has-text-color\" id=\"ALT\">Ateliers Loisirs Toulousains<\/h2>\n\n\n\n<figure class=\"wp-block-image size-large\"><img loading=\"lazy\" decoding=\"async\" width=\"623\" height=\"175\" src=\"https:\/\/cqcroixdepierre.fr\/wp-content\/uploads\/2021\/01\/ALT.jpg\" alt=\"\" class=\"wp-image-1175\" srcset=\"https:\/\/cqcroixdepierre.fr\/wp-content\/uploads\/2021\/01\/ALT.jpg 623w, https:\/\/cqcroixdepierre.fr\/wp-content\/uploads\/2021\/01\/ALT-300x84.jpg 300w\" sizes=\"(max-width: 623px) 100vw, 623px\" \/><\/figure>\n\n\n\n<p>Cours collectifs de renforcement musculaire, fitcardio boxe,\u00a0pilates, stretching, gym douce pour les seniors<\/p>\n\n\n\n<p>Adresses: <\/p>\n\n\n\n<ul>\n<li>DOJO\/Gymnase Maurice B\u00e9canne 19 rue Th\u00e9odore Rivi\u00e8re 31300 TOULOUSE<\/li>\n\n\n\n<li>2 rue Lafage &#8211; cours pour les seniors<\/li>\n<\/ul>\n\n\n\n<p><br>Contact : \u00a0<a href=\"mailto:ateliersloisirstoulousains@gmail.com\">ateliersloisirstoulousains@gmail.com<\/a><\/p>\n\n\n\n<p><p class=\"MsoNormal\"><span style=\"mso-fareast-font-family:&quot;Times New Roman&quot;;\ncolor:#222222\">Toutes les informations \u00e0 jour dans la vitrine du 2 rue Lafage.<\/span><span style=\"mso-fareast-font-family:&quot;Times New Roman&quot;\"><\/span><\/p><\/p>\n","protected":false},"excerpt":{"rendered":"<p>EscaladeJudoKayakAtelier Loisirs Toulousains Escalade sur la Digue &#8211; Club Alpin Fran\u00e7ais Il est \u00e0 nouveau possible de faire de l&rsquo;escalade sur les berges de la Garonne, MERCI au CAF de Toulouse ! Les digues de la Garonne sont propri\u00e9t\u00e9 de la DDE service fluvial et le club alpin de Toulouse \u00e0 une autorisation d&rsquo;occupation temporaire [&hellip;]<\/p>\n","protected":false},"author":2,"featured_media":1049,"parent":702,"menu_order":1,"comment_status":"closed","ping_status":"closed","template":"","meta":{"footnotes":""},"_links":{"self":[{"href":"https:\/\/cqcroixdepierre.fr\/index.php\/wp-json\/wp\/v2\/pages\/1023"}],"collection":[{"href":"https:\/\/cqcroixdepierre.fr\/index.php\/wp-json\/wp\/v2\/pages"}],"about":[{"href":"https:\/\/cqcroixdepierre.fr\/index.php\/wp-json\/wp\/v2\/types\/page"}],"author":[{"embeddable":true,"href":"https:\/\/cqcroixdepierre.fr\/index.php\/wp-json\/wp\/v2\/users\/2"}],"replies":[{"embeddable":true,"href":"https:\/\/cqcroixdepierre.fr\/index.php\/wp-json\/wp\/v2\/comments?post=1023"}],"version-history":[{"count":9,"href":"https:\/\/cqcroixdepierre.fr\/index.php\/wp-json\/wp\/v2\/pages\/1023\/revisions"}],"predecessor-version":[{"id":2028,"href":"https:\/\/cqcroixdepierre.fr\/index.php\/wp-json\/wp\/v2\/pages\/1023\/revisions\/2028"}],"up":[{"embeddable":true,"href":"https:\/\/cqcroixdepierre.fr\/index.php\/wp-json\/wp\/v2\/pages\/702"}],"wp:featuredmedia":[{"embeddable":true,"href":"https:\/\/cqcroixdepierre.fr\/index.php\/wp-json\/wp\/v2\/media\/1049"}],"wp:attachment":[{"href":"https:\/\/cqcroixdepierre.fr\/index.php\/wp-json\/wp\/v2\/media?parent=1023"}],"curies":[{"name":"wp","href":"https:\/\/api.w.org\/{rel}","templated":true}]}}